{"id":71,"date":"2016-02-23T21:56:30","date_gmt":"2016-02-23T21:56:30","guid":{"rendered":"http:\/\/www.milothemes.com\/concept-wordpress\/?page_id=71"},"modified":"2025-04-29T12:21:45","modified_gmt":"2025-04-29T10:21:45","slug":"galleries","status":"publish","type":"page","link":"https:\/\/invalidiradasabac.rs\/index.php\/galleries\/","title":{"rendered":"Dokumenti"},"content":{"rendered":"<p>[vc_row css=&#8220;.vc_custom_1598992805517{margin-bottom: 50px !important;}&#8220;][vc_column]<div class='headline center '><h1>Izve\u0161taji<\/h1><h6>dokumentacija<\/h6><\/div>[vc_column_text css=&#8220;.vc_custom_1598992830603{margin-bottom: 50px !important;}&#8220;]<\/p>\n<p style=\"text-align: center;\">Ovde mo\u017eete pogledati na\u0161 AMBI status i finansijske izve\u0161taje o na\u0161em poslovanju.<\/p>\n<p>[\/vc_column_text][vc_row_inner][vc_column_inner width=&#8220;1\/3&#8243;]<div class='text-right'><a class='btn btn-black ' href='http:\/\/invalidiradasabac.rs\/wp-content\/uploads\/2020\/09\/AMBI-STATUS.pdf' target=' _blank'>AMBI status<\/a><\/div><div class='text-right'><a class='btn btn-black ' href='https:\/\/invalidiradasabac.rs\/wp-content\/uploads\/2025\/04\/SEEDEV.pdf' target=' _blank'>Original Srbije&quot;Seedev-2013&quot;<\/a><\/div>[\/vc_column_inner][vc_column_inner width=&#8220;1\/3&#8243;]<div class='text-right'><a class='btn btn-black ' href='http:\/\/invalidiradasabac.rs\/wp-content\/uploads\/2020\/09\/Financial-report.pdf' target=' _blank'>Financial report<\/a><\/div><div class='text-right'><a class='btn btn-black ' href='' target=' _blank'>Oznaka geografskog porekla<\/a><\/div>[\/vc_column_inner][vc_column_inner width=&#8220;1\/3&#8243;]<div class='text-right'><a class='btn btn-black ' href='http:\/\/invalidiradasabac.rs\/wp-content\/uploads\/2021\/06\/SERTIFIKAT-O-REGISTRACIJI-WIPO-I-LISBON-Medjunarodni-sistem-oznake-porekla.pdf' >SERTIFIKAT O REGISTRACIJI<\/a><\/div><div class='text-right'><a class='btn btn-black ' href='' target=' _blank'>Re\u0161enje Ministarstva privrede<\/a><\/div>[\/vc_column_inner][\/vc_row_inner][\/vc_column][\/vc_row][vc_row css=&#8220;.vc_custom_1453285639259{margin-bottom: 50px !important;}&#8220;][vc_column width=&#8220;1\/4&#8243;][vc_single_image image=&#8220;615&#8243; img_size=&#8220;480&#215;335&#8243; alignment=&#8220;center&#8220;][\/vc_column][vc_column width=&#8220;1\/4&#8243;][vc_single_image image=&#8220;556&#8243; img_size=&#8220;480&#215;335&#8243; alignment=&#8220;center&#8220;][\/vc_column][vc_column width=&#8220;1\/4&#8243;][vc_single_image image=&#8220;619&#8243; img_size=&#8220;480&#215;335&#8243; alignment=&#8220;center&#8220;][\/vc_column][vc_column width=&#8220;1\/4&#8243;][vc_single_image image=&#8220;620&#8243; img_size=&#8220;480&#215;335&#8243; alignment=&#8220;center&#8220;][\/vc_column][\/vc_row]<\/p>\n","protected":false},"excerpt":{"rendered":"<p>Quisque ac ornare nunc. Quisque in consequat justo. Suspendisse potenti. Nunc ornare nisi quam, at tempor leo facilisis et. In hac habitasse platea dictumst.<\/p>\n","protected":false},"author":1,"featured_media":0,"parent":0,"menu_order":0,"comment_status":"closed","ping_status":"closed","template":"","meta":{"footnotes":""},"class_list":["post-71","page","type-page","status-publish","hentry"],"yoast_head":"<!-- This site is optimized with the Yoast SEO plugin v24.8.1 - https:\/\/yoast.com\/wordpress\/plugins\/seo\/ -->\n<title>Dokumenti - Gradska organizacija invalida rada \u0160abac<\/title>\n<meta name=\"robots\" content=\"index, follow, max-snippet:-1, max-image-preview:large, max-video-preview:-1\" \/>\n<link rel=\"canonical\" href=\"https:\/\/invalidiradasabac.rs\/index.php\/galleries\/\" \/>\n<meta property=\"og:locale\" content=\"sr_RS\" \/>\n<meta property=\"og:type\" content=\"article\" \/>\n<meta property=\"og:title\" content=\"Dokumenti - Gradska organizacija invalida rada \u0160abac\" \/>\n<meta property=\"og:description\" content=\"Quisque ac ornare nunc. Quisque in consequat justo. Suspendisse potenti. Nunc ornare nisi quam, at tempor leo facilisis et. In hac habitasse platea dictumst.\" \/>\n<meta property=\"og:url\" content=\"https:\/\/invalidiradasabac.rs\/index.php\/galleries\/\" \/>\n<meta property=\"og:site_name\" content=\"Gradska organizacija invalida rada \u0160abac\" \/>\n<meta property=\"article:publisher\" content=\"https:\/\/www.facebook.com\/invalidirada.sabac.3\/?locale=sr_RS\" \/>\n<meta property=\"article:modified_time\" content=\"2025-04-29T10:21:45+00:00\" \/>\n<meta name=\"twitter:card\" content=\"summary_large_image\" \/>\n<meta name=\"twitter:label1\" content=\"\u041f\u0440\u043e\u0446\u0435\u045a\u0435\u043d\u043e \u0432\u0440\u0435\u043c\u0435 \u0447\u0438\u0442\u0430\u045a\u0430\" \/>\n\t<meta name=\"twitter:data1\" content=\"1 \u043c\u0438\u043d\u0443\u0442\" \/>\n<script type=\"application\/ld+json\" class=\"yoast-schema-graph\">{\"@context\":\"https:\/\/schema.org\",\"@graph\":[{\"@type\":\"WebPage\",\"@id\":\"https:\/\/invalidiradasabac.rs\/index.php\/galleries\/\",\"url\":\"https:\/\/invalidiradasabac.rs\/index.php\/galleries\/\",\"name\":\"Dokumenti - Gradska organizacija invalida rada \u0160abac\",\"isPartOf\":{\"@id\":\"https:\/\/invalidiradasabac.rs\/#website\"},\"datePublished\":\"2016-02-23T21:56:30+00:00\",\"dateModified\":\"2025-04-29T10:21:45+00:00\",\"breadcrumb\":{\"@id\":\"https:\/\/invalidiradasabac.rs\/index.php\/galleries\/#breadcrumb\"},\"inLanguage\":\"sr-RS\",\"potentialAction\":[{\"@type\":\"ReadAction\",\"target\":[\"https:\/\/invalidiradasabac.rs\/index.php\/galleries\/\"]}]},{\"@type\":\"BreadcrumbList\",\"@id\":\"https:\/\/invalidiradasabac.rs\/index.php\/galleries\/#breadcrumb\",\"itemListElement\":[{\"@type\":\"ListItem\",\"position\":1,\"name\":\"\u041f\u043e\u0447\u0435\u0442\u043d\u0430\",\"item\":\"https:\/\/invalidiradasabac.rs\/\"},{\"@type\":\"ListItem\",\"position\":2,\"name\":\"Dokumenti\"}]},{\"@type\":\"WebSite\",\"@id\":\"https:\/\/invalidiradasabac.rs\/#website\",\"url\":\"https:\/\/invalidiradasabac.rs\/\",\"name\":\"Gradska organizacija invalida rada i invalidskih penzionera \u0160abac\",\"description\":\"\",\"publisher\":{\"@id\":\"https:\/\/invalidiradasabac.rs\/#organization\"},\"potentialAction\":[{\"@type\":\"SearchAction\",\"target\":{\"@type\":\"EntryPoint\",\"urlTemplate\":\"https:\/\/invalidiradasabac.rs\/?s={search_term_string}\"},\"query-input\":{\"@type\":\"PropertyValueSpecification\",\"valueRequired\":true,\"valueName\":\"search_term_string\"}}],\"inLanguage\":\"sr-RS\"},{\"@type\":\"Organization\",\"@id\":\"https:\/\/invalidiradasabac.rs\/#organization\",\"name\":\"Gradska organizacija invalida rada i invalidskih penzionera \u0160abac\",\"url\":\"https:\/\/invalidiradasabac.rs\/\",\"logo\":{\"@type\":\"ImageObject\",\"inLanguage\":\"sr-RS\",\"@id\":\"https:\/\/invalidiradasabac.rs\/#\/schema\/logo\/image\/\",\"url\":\"https:\/\/invalidiradasabac.rs\/wp-content\/uploads\/2025\/04\/Logo-novi.jpg\",\"contentUrl\":\"https:\/\/invalidiradasabac.rs\/wp-content\/uploads\/2025\/04\/Logo-novi.jpg\",\"width\":166,\"height\":51,\"caption\":\"Gradska organizacija invalida rada i invalidskih penzionera \u0160abac\"},\"image\":{\"@id\":\"https:\/\/invalidiradasabac.rs\/#\/schema\/logo\/image\/\"},\"sameAs\":[\"https:\/\/www.facebook.com\/invalidirada.sabac.3\/?locale=sr_RS\"]}]}<\/script>\n<!-- \/ Yoast SEO plugin. -->","yoast_head_json":{"title":"Dokumenti - Gradska organizacija invalida rada \u0160abac","robots":{"index":"index","follow":"follow","max-snippet":"max-snippet:-1","max-image-preview":"max-image-preview:large","max-video-preview":"max-video-preview:-1"},"canonical":"https:\/\/invalidiradasabac.rs\/index.php\/galleries\/","og_locale":"sr_RS","og_type":"article","og_title":"Dokumenti - Gradska organizacija invalida rada \u0160abac","og_description":"Quisque ac ornare nunc. Quisque in consequat justo. Suspendisse potenti. Nunc ornare nisi quam, at tempor leo facilisis et. In hac habitasse platea dictumst.","og_url":"https:\/\/invalidiradasabac.rs\/index.php\/galleries\/","og_site_name":"Gradska organizacija invalida rada \u0160abac","article_publisher":"https:\/\/www.facebook.com\/invalidirada.sabac.3\/?locale=sr_RS","article_modified_time":"2025-04-29T10:21:45+00:00","twitter_card":"summary_large_image","twitter_misc":{"\u041f\u0440\u043e\u0446\u0435\u045a\u0435\u043d\u043e \u0432\u0440\u0435\u043c\u0435 \u0447\u0438\u0442\u0430\u045a\u0430":"1 \u043c\u0438\u043d\u0443\u0442"},"schema":{"@context":"https:\/\/schema.org","@graph":[{"@type":"WebPage","@id":"https:\/\/invalidiradasabac.rs\/index.php\/galleries\/","url":"https:\/\/invalidiradasabac.rs\/index.php\/galleries\/","name":"Dokumenti - Gradska organizacija invalida rada \u0160abac","isPartOf":{"@id":"https:\/\/invalidiradasabac.rs\/#website"},"datePublished":"2016-02-23T21:56:30+00:00","dateModified":"2025-04-29T10:21:45+00:00","breadcrumb":{"@id":"https:\/\/invalidiradasabac.rs\/index.php\/galleries\/#breadcrumb"},"inLanguage":"sr-RS","potentialAction":[{"@type":"ReadAction","target":["https:\/\/invalidiradasabac.rs\/index.php\/galleries\/"]}]},{"@type":"BreadcrumbList","@id":"https:\/\/invalidiradasabac.rs\/index.php\/galleries\/#breadcrumb","itemListElement":[{"@type":"ListItem","position":1,"name":"\u041f\u043e\u0447\u0435\u0442\u043d\u0430","item":"https:\/\/invalidiradasabac.rs\/"},{"@type":"ListItem","position":2,"name":"Dokumenti"}]},{"@type":"WebSite","@id":"https:\/\/invalidiradasabac.rs\/#website","url":"https:\/\/invalidiradasabac.rs\/","name":"Gradska organizacija invalida rada i invalidskih penzionera \u0160abac","description":"","publisher":{"@id":"https:\/\/invalidiradasabac.rs\/#organization"},"potentialAction":[{"@type":"SearchAction","target":{"@type":"EntryPoint","urlTemplate":"https:\/\/invalidiradasabac.rs\/?s={search_term_string}"},"query-input":{"@type":"PropertyValueSpecification","valueRequired":true,"valueName":"search_term_string"}}],"inLanguage":"sr-RS"},{"@type":"Organization","@id":"https:\/\/invalidiradasabac.rs\/#organization","name":"Gradska organizacija invalida rada i invalidskih penzionera \u0160abac","url":"https:\/\/invalidiradasabac.rs\/","logo":{"@type":"ImageObject","inLanguage":"sr-RS","@id":"https:\/\/invalidiradasabac.rs\/#\/schema\/logo\/image\/","url":"https:\/\/invalidiradasabac.rs\/wp-content\/uploads\/2025\/04\/Logo-novi.jpg","contentUrl":"https:\/\/invalidiradasabac.rs\/wp-content\/uploads\/2025\/04\/Logo-novi.jpg","width":166,"height":51,"caption":"Gradska organizacija invalida rada i invalidskih penzionera \u0160abac"},"image":{"@id":"https:\/\/invalidiradasabac.rs\/#\/schema\/logo\/image\/"},"sameAs":["https:\/\/www.facebook.com\/invalidirada.sabac.3\/?locale=sr_RS"]}]}},"_links":{"self":[{"href":"https:\/\/invalidiradasabac.rs\/index.php\/wp-json\/wp\/v2\/pages\/71","targetHints":{"allow":["GET"]}}],"collection":[{"href":"https:\/\/invalidiradasabac.rs\/index.php\/wp-json\/wp\/v2\/pages"}],"about":[{"href":"https:\/\/invalidiradasabac.rs\/index.php\/wp-json\/wp\/v2\/types\/page"}],"author":[{"embeddable":true,"href":"https:\/\/invalidiradasabac.rs\/index.php\/wp-json\/wp\/v2\/users\/1"}],"replies":[{"embeddable":true,"href":"https:\/\/invalidiradasabac.rs\/index.php\/wp-json\/wp\/v2\/comments?post=71"}],"version-history":[{"count":27,"href":"https:\/\/invalidiradasabac.rs\/index.php\/wp-json\/wp\/v2\/pages\/71\/revisions"}],"predecessor-version":[{"id":1394,"href":"https:\/\/invalidiradasabac.rs\/index.php\/wp-json\/wp\/v2\/pages\/71\/revisions\/1394"}],"wp:attachment":[{"href":"https:\/\/invalidiradasabac.rs\/index.php\/wp-json\/wp\/v2\/media?parent=71"}],"curies":[{"name":"wp","href":"https:\/\/api.w.org\/{rel}","templated":true}]}}