{"id":756,"date":"2020-10-02T08:39:23","date_gmt":"2020-10-02T06:39:23","guid":{"rendered":"http:\/\/bibliotekasabac.org.rs\/invalidi\/?page_id=756"},"modified":"2025-04-29T12:16:43","modified_gmt":"2025-04-29T10:16:43","slug":"prica-o-tekeriskom-peskiru","status":"publish","type":"page","link":"https:\/\/invalidiradasabac.rs\/index.php\/prica-o-tekeriskom-peskiru\/","title":{"rendered":"Pri\u010da o Tekeri\u0161kom pe\u0161kiru"},"content":{"rendered":"<p style=\"text-align: justify;\">\u00a0<\/p>\n<p><img decoding=\"async\" class=\"aligncenter\" src=\"https:\/\/invalidiradasabac.rs\/wp-content\/uploads\/2020\/10\/Tekeriski-peskir.gif\" alt=\"\" \/><\/p>\n<p style=\"text-align: justify;\">Najte\u017ea je no\u0107 Cerske bitke, ona izme\u0111u 14. i 15. avgusta 1914. godine. Granate padaju na sve strane, svuda mrtvi i ranjeni. Vojnici Drugog prekobrojnog puka Kombinovane divizije juna\u010dki se bore oko Tekeri\u0161a. Me\u0111u njima i Mileta Milutinovi\u0107 iz Sedlara kod Svilanjca. Ranjen, geleri mu izranjavili obe noge. Saborcima ne da da mu pomognu, imaju va\u017enija \u201eposla&#8220;. Sam, uz mnogo napora, jedva je dop\u0161uzao do ku\u0107eTihomira Stevanovi\u0107a. Sre\u0107a zbog pomisli da \u0107e mu doma\u0107ini pomo\u0107i nestaje u trenu. Ku\u0107a prazna, \u010deljad izbegla. Da previje noge treba mu \u010dista tkanina. Gde da je na\u0111e? Da ne bi iskrvario, ipak otvara sanduk koji mu je tu, na dohvatu. A u njemu vezeni pe\u0161kiri- devoja\u010dka sprema! Dilema velika, ali izbora nema. Mileta uzima dva pe\u0161kira i previja rane&#8230;posle nekoliko meseci, oporavljen, vra\u0107a se u borbu, prolazi albansku golgotu, u\u010destvuje u proboju Solunskog fronta, ali od tekeri\u0161kih pe\u0161kira se ne odvaja.<\/p>\n<p style=\"text-align: justify;\">Po zavr\u0161etku rata Mileta se vratio u Sedlare, ali je sa\u010duvao samo jedan pe\u0161kir. Vreme prolazi, a savest zbog uzimanja pe\u0161kira iz napu\u0161tene ku\u0107e, pa jo\u0161 iz devoja\u010dke spreme &#8211; ne da mira! Raspitivao se, zato, godinama o Stevanovi\u0107ima i Spaji\u0107ima iz Tekeri\u0161a. Saznao je i da je Persa tokom rata, pre udaje, umrla od tuberkuloze, ali savest srpskog vojnika nala\u017ee mu da sa\u010duvani pe\u0161kir vrati.<\/p>\n<p style=\"text-align: justify;\">To je i u\u010dinio kada je sa unukom do\u0161ao na obele\u017eavanje \u0161est decenija Cerske bitke. Pe\u0161kir je poklonio Muzeju \u201eCerska bitka&#8220; na Tekeri\u0161u, ono su ga predali mesnoj kancelariji, odakle je septembra 1975. godine, dospeo u Narodni muzej \u0160abac.<\/p>\n<p style=\"text-align: justify;\">Vernu repliku ovog pe\u0161kira izra\u0111uje Tka\u010dka radionica \u201eStari zanati\u201c u okviru Gradske organizacije invalida rada \u0160abac. Ovaj proizvod za\u0161ti\u0107en je geografskom oznakom imena porekla.<\/p>\n<p><img loading=\"lazy\" decoding=\"async\" class=\"aligncenter\" src=\"https:\/\/invalidiradasabac.rs\/wp-content\/uploads\/2025\/04\/Tekeriski-peskir.png\" alt=\"\" width=\"1065\" height=\"256\" \/><\/p>\n<p style=\"text-align: justify;\">The Batle of Cer, the hardest night, August 14- 15,1914. Grenades being thrown ail over, dead and wounded all around. The soldiers of the Second overarching regiment of the combined division are bravely combating in the village of Tekerish. Amongstthem is Mileta Milutinovicfromthevillage of Sedlar nearSvilajnac. Both his legs are wounded. He doesn&#8217;t let his combats help him as they have more important &#8222;issues&#8220;. All alone, with enormous effort, he somehow crawls to the house of Tihomir Stevanovic. The feeling of relief at the thought that someone would help him disappears immediately. The house is empty, abandoned. He needs a clean cloth to bandage his wounds. Where can he find it? Intending to find something to prevent bleeding out, he opens a trunk within his reach. There he finds embroidered towels &#8211; a trousseau. He hesitates, but has no choice. Mileta takes two towels to bandage the wounds. A few months later, recovered, he returns to the battle, crosses the Albania&#8217;s Golgotha, participates in the Salonika Front, but never parts from the Tekerish towels.<\/p>\n<p style=\"text-align: justify;\">After the war Mileta returns to Sedlar, with the one towel that remained. The time passed, but his consciousness still troubles him for taking the towels from an abandoned house, end even more for being a trousseau. For years he investigated about the Stevanovi\u0107 and Spaji\u0107 families from Tekeri\u0161 and found out that Persa died of tuberculosis during the war, before marriage. But, the consciousness of a Serbian soldier makes him wantto returnthe remainingtowel.<\/p>\n<p style=\"text-align: justify;\">He finally succeeds. Participating, with his granddaughter, in the 60th anniversary of The Battle of Cer, he presented it to The Battle of Cer Museum of Tekerish. It remained in the local office till 1975 when it was relocated to the \u0160abac National Museum.<\/p>\n","protected":false},"excerpt":{"rendered":"<p>Vernu repliku ovog pe\u0161kira izra\u0111uje Tka\u010dka radionica \u201eStari zanati\u201c u okviru Gradske organizacije invalida rada \u0160abac. Ovaj proizvod za\u0161ti\u0107en je geografskom oznakom imena porekla.<\/p>\n","protected":false},"author":1,"featured_media":1111,"parent":0,"menu_order":0,"comment_status":"closed","ping_status":"closed","template":"","meta":{"footnotes":""},"class_list":["post-756","page","type-page","status-publish","has-post-thumbnail","hentry"],"yoast_head":"<!-- This site is optimized with the Yoast SEO plugin v24.8.1 - https:\/\/yoast.com\/wordpress\/plugins\/seo\/ -->\n<title>Pri\u010da o Tekeri\u0161kom pe\u0161kiru - Gradska organizacija invalida rada \u0160abac<\/title>\n<meta name=\"robots\" content=\"index, follow, max-snippet:-1, max-image-preview:large, max-video-preview:-1\" \/>\n<link rel=\"canonical\" href=\"https:\/\/invalidiradasabac.rs\/index.php\/prica-o-tekeriskom-peskiru\/\" \/>\n<meta property=\"og:locale\" content=\"sr_RS\" \/>\n<meta property=\"og:type\" content=\"article\" \/>\n<meta property=\"og:title\" content=\"Pri\u010da o Tekeri\u0161kom pe\u0161kiru - Gradska organizacija invalida rada \u0160abac\" \/>\n<meta property=\"og:description\" content=\"Vernu repliku ovog pe\u0161kira izra\u0111uje Tka\u010dka radionica \u201eStari zanati\u201c u okviru Gradske organizacije invalida rada \u0160abac. Ovaj proizvod za\u0161ti\u0107en je geografskom oznakom imena porekla.\" \/>\n<meta property=\"og:url\" content=\"https:\/\/invalidiradasabac.rs\/index.php\/prica-o-tekeriskom-peskiru\/\" \/>\n<meta property=\"og:site_name\" content=\"Gradska organizacija invalida rada \u0160abac\" \/>\n<meta property=\"article:publisher\" content=\"https:\/\/www.facebook.com\/invalidirada.sabac.3\/?locale=sr_RS\" \/>\n<meta property=\"article:modified_time\" content=\"2025-04-29T10:16:43+00:00\" \/>\n<meta property=\"og:image\" content=\"https:\/\/invalidiradasabac.rs\/wp-content\/uploads\/2020\/10\/Tekeriski-peskir.gif\" \/>\n\t<meta property=\"og:image:width\" content=\"600\" \/>\n\t<meta property=\"og:image:height\" content=\"600\" \/>\n\t<meta property=\"og:image:type\" content=\"image\/gif\" \/>\n<meta name=\"twitter:card\" content=\"summary_large_image\" \/>\n<meta name=\"twitter:label1\" content=\"\u041f\u0440\u043e\u0446\u0435\u045a\u0435\u043d\u043e \u0432\u0440\u0435\u043c\u0435 \u0447\u0438\u0442\u0430\u045a\u0430\" \/>\n\t<meta name=\"twitter:data1\" content=\"4 \u043c\u0438\u043d\u0443\u0442\u0430\" \/>\n<script type=\"application\/ld+json\" class=\"yoast-schema-graph\">{\"@context\":\"https:\/\/schema.org\",\"@graph\":[{\"@type\":\"WebPage\",\"@id\":\"https:\/\/invalidiradasabac.rs\/index.php\/prica-o-tekeriskom-peskiru\/\",\"url\":\"https:\/\/invalidiradasabac.rs\/index.php\/prica-o-tekeriskom-peskiru\/\",\"name\":\"Pri\u010da o Tekeri\u0161kom pe\u0161kiru - Gradska organizacija invalida rada \u0160abac\",\"isPartOf\":{\"@id\":\"https:\/\/invalidiradasabac.rs\/#website\"},\"primaryImageOfPage\":{\"@id\":\"https:\/\/invalidiradasabac.rs\/index.php\/prica-o-tekeriskom-peskiru\/#primaryimage\"},\"image\":{\"@id\":\"https:\/\/invalidiradasabac.rs\/index.php\/prica-o-tekeriskom-peskiru\/#primaryimage\"},\"thumbnailUrl\":\"https:\/\/invalidiradasabac.rs\/wp-content\/uploads\/2020\/10\/Tekeriski-peskir.gif\",\"datePublished\":\"2020-10-02T06:39:23+00:00\",\"dateModified\":\"2025-04-29T10:16:43+00:00\",\"breadcrumb\":{\"@id\":\"https:\/\/invalidiradasabac.rs\/index.php\/prica-o-tekeriskom-peskiru\/#breadcrumb\"},\"inLanguage\":\"sr-RS\",\"potentialAction\":[{\"@type\":\"ReadAction\",\"target\":[\"https:\/\/invalidiradasabac.rs\/index.php\/prica-o-tekeriskom-peskiru\/\"]}]},{\"@type\":\"ImageObject\",\"inLanguage\":\"sr-RS\",\"@id\":\"https:\/\/invalidiradasabac.rs\/index.php\/prica-o-tekeriskom-peskiru\/#primaryimage\",\"url\":\"https:\/\/invalidiradasabac.rs\/wp-content\/uploads\/2020\/10\/Tekeriski-peskir.gif\",\"contentUrl\":\"https:\/\/invalidiradasabac.rs\/wp-content\/uploads\/2020\/10\/Tekeriski-peskir.gif\",\"width\":600,\"height\":600},{\"@type\":\"BreadcrumbList\",\"@id\":\"https:\/\/invalidiradasabac.rs\/index.php\/prica-o-tekeriskom-peskiru\/#breadcrumb\",\"itemListElement\":[{\"@type\":\"ListItem\",\"position\":1,\"name\":\"\u041f\u043e\u0447\u0435\u0442\u043d\u0430\",\"item\":\"https:\/\/invalidiradasabac.rs\/\"},{\"@type\":\"ListItem\",\"position\":2,\"name\":\"Pri\u010da o Tekeri\u0161kom pe\u0161kiru\"}]},{\"@type\":\"WebSite\",\"@id\":\"https:\/\/invalidiradasabac.rs\/#website\",\"url\":\"https:\/\/invalidiradasabac.rs\/\",\"name\":\"Gradska organizacija invalida rada i invalidskih penzionera \u0160abac\",\"description\":\"\",\"publisher\":{\"@id\":\"https:\/\/invalidiradasabac.rs\/#organization\"},\"potentialAction\":[{\"@type\":\"SearchAction\",\"target\":{\"@type\":\"EntryPoint\",\"urlTemplate\":\"https:\/\/invalidiradasabac.rs\/?s={search_term_string}\"},\"query-input\":{\"@type\":\"PropertyValueSpecification\",\"valueRequired\":true,\"valueName\":\"search_term_string\"}}],\"inLanguage\":\"sr-RS\"},{\"@type\":\"Organization\",\"@id\":\"https:\/\/invalidiradasabac.rs\/#organization\",\"name\":\"Gradska organizacija invalida rada i invalidskih penzionera \u0160abac\",\"url\":\"https:\/\/invalidiradasabac.rs\/\",\"logo\":{\"@type\":\"ImageObject\",\"inLanguage\":\"sr-RS\",\"@id\":\"https:\/\/invalidiradasabac.rs\/#\/schema\/logo\/image\/\",\"url\":\"https:\/\/invalidiradasabac.rs\/wp-content\/uploads\/2025\/04\/Logo-novi.jpg\",\"contentUrl\":\"https:\/\/invalidiradasabac.rs\/wp-content\/uploads\/2025\/04\/Logo-novi.jpg\",\"width\":166,\"height\":51,\"caption\":\"Gradska organizacija invalida rada i invalidskih penzionera \u0160abac\"},\"image\":{\"@id\":\"https:\/\/invalidiradasabac.rs\/#\/schema\/logo\/image\/\"},\"sameAs\":[\"https:\/\/www.facebook.com\/invalidirada.sabac.3\/?locale=sr_RS\"]}]}<\/script>\n<!-- \/ Yoast SEO plugin. -->","yoast_head_json":{"title":"Pri\u010da o Tekeri\u0161kom pe\u0161kiru - Gradska organizacija invalida rada \u0160abac","robots":{"index":"index","follow":"follow","max-snippet":"max-snippet:-1","max-image-preview":"max-image-preview:large","max-video-preview":"max-video-preview:-1"},"canonical":"https:\/\/invalidiradasabac.rs\/index.php\/prica-o-tekeriskom-peskiru\/","og_locale":"sr_RS","og_type":"article","og_title":"Pri\u010da o Tekeri\u0161kom pe\u0161kiru - Gradska organizacija invalida rada \u0160abac","og_description":"Vernu repliku ovog pe\u0161kira izra\u0111uje Tka\u010dka radionica \u201eStari zanati\u201c u okviru Gradske organizacije invalida rada \u0160abac. Ovaj proizvod za\u0161ti\u0107en je geografskom oznakom imena porekla.","og_url":"https:\/\/invalidiradasabac.rs\/index.php\/prica-o-tekeriskom-peskiru\/","og_site_name":"Gradska organizacija invalida rada \u0160abac","article_publisher":"https:\/\/www.facebook.com\/invalidirada.sabac.3\/?locale=sr_RS","article_modified_time":"2025-04-29T10:16:43+00:00","og_image":[{"width":600,"height":600,"url":"https:\/\/invalidiradasabac.rs\/wp-content\/uploads\/2020\/10\/Tekeriski-peskir.gif","type":"image\/gif"}],"twitter_card":"summary_large_image","twitter_misc":{"\u041f\u0440\u043e\u0446\u0435\u045a\u0435\u043d\u043e \u0432\u0440\u0435\u043c\u0435 \u0447\u0438\u0442\u0430\u045a\u0430":"4 \u043c\u0438\u043d\u0443\u0442\u0430"},"schema":{"@context":"https:\/\/schema.org","@graph":[{"@type":"WebPage","@id":"https:\/\/invalidiradasabac.rs\/index.php\/prica-o-tekeriskom-peskiru\/","url":"https:\/\/invalidiradasabac.rs\/index.php\/prica-o-tekeriskom-peskiru\/","name":"Pri\u010da o Tekeri\u0161kom pe\u0161kiru - Gradska organizacija invalida rada \u0160abac","isPartOf":{"@id":"https:\/\/invalidiradasabac.rs\/#website"},"primaryImageOfPage":{"@id":"https:\/\/invalidiradasabac.rs\/index.php\/prica-o-tekeriskom-peskiru\/#primaryimage"},"image":{"@id":"https:\/\/invalidiradasabac.rs\/index.php\/prica-o-tekeriskom-peskiru\/#primaryimage"},"thumbnailUrl":"https:\/\/invalidiradasabac.rs\/wp-content\/uploads\/2020\/10\/Tekeriski-peskir.gif","datePublished":"2020-10-02T06:39:23+00:00","dateModified":"2025-04-29T10:16:43+00:00","breadcrumb":{"@id":"https:\/\/invalidiradasabac.rs\/index.php\/prica-o-tekeriskom-peskiru\/#breadcrumb"},"inLanguage":"sr-RS","potentialAction":[{"@type":"ReadAction","target":["https:\/\/invalidiradasabac.rs\/index.php\/prica-o-tekeriskom-peskiru\/"]}]},{"@type":"ImageObject","inLanguage":"sr-RS","@id":"https:\/\/invalidiradasabac.rs\/index.php\/prica-o-tekeriskom-peskiru\/#primaryimage","url":"https:\/\/invalidiradasabac.rs\/wp-content\/uploads\/2020\/10\/Tekeriski-peskir.gif","contentUrl":"https:\/\/invalidiradasabac.rs\/wp-content\/uploads\/2020\/10\/Tekeriski-peskir.gif","width":600,"height":600},{"@type":"BreadcrumbList","@id":"https:\/\/invalidiradasabac.rs\/index.php\/prica-o-tekeriskom-peskiru\/#breadcrumb","itemListElement":[{"@type":"ListItem","position":1,"name":"\u041f\u043e\u0447\u0435\u0442\u043d\u0430","item":"https:\/\/invalidiradasabac.rs\/"},{"@type":"ListItem","position":2,"name":"Pri\u010da o Tekeri\u0161kom pe\u0161kiru"}]},{"@type":"WebSite","@id":"https:\/\/invalidiradasabac.rs\/#website","url":"https:\/\/invalidiradasabac.rs\/","name":"Gradska organizacija invalida rada i invalidskih penzionera \u0160abac","description":"","publisher":{"@id":"https:\/\/invalidiradasabac.rs\/#organization"},"potentialAction":[{"@type":"SearchAction","target":{"@type":"EntryPoint","urlTemplate":"https:\/\/invalidiradasabac.rs\/?s={search_term_string}"},"query-input":{"@type":"PropertyValueSpecification","valueRequired":true,"valueName":"search_term_string"}}],"inLanguage":"sr-RS"},{"@type":"Organization","@id":"https:\/\/invalidiradasabac.rs\/#organization","name":"Gradska organizacija invalida rada i invalidskih penzionera \u0160abac","url":"https:\/\/invalidiradasabac.rs\/","logo":{"@type":"ImageObject","inLanguage":"sr-RS","@id":"https:\/\/invalidiradasabac.rs\/#\/schema\/logo\/image\/","url":"https:\/\/invalidiradasabac.rs\/wp-content\/uploads\/2025\/04\/Logo-novi.jpg","contentUrl":"https:\/\/invalidiradasabac.rs\/wp-content\/uploads\/2025\/04\/Logo-novi.jpg","width":166,"height":51,"caption":"Gradska organizacija invalida rada i invalidskih penzionera \u0160abac"},"image":{"@id":"https:\/\/invalidiradasabac.rs\/#\/schema\/logo\/image\/"},"sameAs":["https:\/\/www.facebook.com\/invalidirada.sabac.3\/?locale=sr_RS"]}]}},"_links":{"self":[{"href":"https:\/\/invalidiradasabac.rs\/index.php\/wp-json\/wp\/v2\/pages\/756","targetHints":{"allow":["GET"]}}],"collection":[{"href":"https:\/\/invalidiradasabac.rs\/index.php\/wp-json\/wp\/v2\/pages"}],"about":[{"href":"https:\/\/invalidiradasabac.rs\/index.php\/wp-json\/wp\/v2\/types\/page"}],"author":[{"embeddable":true,"href":"https:\/\/invalidiradasabac.rs\/index.php\/wp-json\/wp\/v2\/users\/1"}],"replies":[{"embeddable":true,"href":"https:\/\/invalidiradasabac.rs\/index.php\/wp-json\/wp\/v2\/comments?post=756"}],"version-history":[{"count":16,"href":"https:\/\/invalidiradasabac.rs\/index.php\/wp-json\/wp\/v2\/pages\/756\/revisions"}],"predecessor-version":[{"id":1392,"href":"https:\/\/invalidiradasabac.rs\/index.php\/wp-json\/wp\/v2\/pages\/756\/revisions\/1392"}],"wp:featuredmedia":[{"embeddable":true,"href":"https:\/\/invalidiradasabac.rs\/index.php\/wp-json\/wp\/v2\/media\/1111"}],"wp:attachment":[{"href":"https:\/\/invalidiradasabac.rs\/index.php\/wp-json\/wp\/v2\/media?parent=756"}],"curies":[{"name":"wp","href":"https:\/\/api.w.org\/{rel}","templated":true}]}}